{"id":1158,"date":"2023-02-27T22:55:20","date_gmt":"2023-02-27T22:55:20","guid":{"rendered":"https:\/\/clinicageneraldecienaga.com.co\/?page_id=1158"},"modified":"2023-03-02T16:35:51","modified_gmt":"2023-03-02T16:35:51","slug":"planeacion-estrategica","status":"publish","type":"page","link":"https:\/\/clinicageneraldecienaga.com.co\/index.php\/planeacion-estrategica\/","title":{"rendered":"Planeaci\u00f3n estrat\u00e9gica"},"content":{"rendered":"\t\t<div data-elementor-type=\"wp-page\" data-elementor-id=\"1158\" class=\"elementor elementor-1158\">\n\t\t\t\t\t\t\t\t\t<section class=\"elementor-section elementor-top-section elementor-element elementor-element-adb5369 elementor-section-boxed elementor-section-height-default elementor-section-height-default\" data-id=\"adb5369\" data-element_type=\"section\" data-settings=\"{&quot;background_background&quot;:&quot;classic&quot;}\">\n\t\t\t\t\t\t<div class=\"elementor-container elementor-column-gap-no\">\n\t\t\t\t\t<div class=\"elementor-column elementor-col-100 elementor-top-column elementor-element elementor-element-79b1a55\" data-id=\"79b1a55\" data-element_type=\"column\">\n\t\t\t<div class=\"elementor-widget-wrap elementor-element-populated\">\n\t\t\t\t\t\t\t\t<div class=\"elementor-element elementor-element-e9e61a7 elementor-widget elementor-widget-heading\" data-id=\"e9e61a7\" data-element_type=\"widget\" data-widget_type=\"heading.default\">\n\t\t\t\t<div class=\"elementor-widget-container\">\n\t\t\t<style>\/*! elementor - v3.11.5 - 14-03-2023 *\/\n.elementor-heading-title{padding:0;margin:0;line-height:1}.elementor-widget-heading .elementor-heading-title[class*=elementor-size-]>a{color:inherit;font-size:inherit;line-height:inherit}.elementor-widget-heading .elementor-heading-title.elementor-size-small{font-size:15px}.elementor-widget-heading .elementor-heading-title.elementor-size-medium{font-size:19px}.elementor-widget-heading .elementor-heading-title.elementor-size-large{font-size:29px}.elementor-widget-heading .elementor-heading-title.elementor-size-xl{font-size:39px}.elementor-widget-heading .elementor-heading-title.elementor-size-xxl{font-size:59px}<\/style><h2 class=\"elementor-heading-title elementor-size-default\">Planeaci\u00f3n estrat\u00e9gica<\/h2>\t\t<\/div>\n\t\t\t\t<\/div>\n\t\t\t\t\t<\/div>\n\t\t<\/div>\n\t\t\t\t\t\t\t<\/div>\n\t\t<\/section>\n\t\t\t\t<section class=\"elementor-section elementor-top-section elementor-element elementor-element-4f7de15 elementor-section-boxed elementor-section-height-default elementor-section-height-default\" data-id=\"4f7de15\" data-element_type=\"section\" data-settings=\"{&quot;background_background&quot;:&quot;classic&quot;}\">\n\t\t\t\t\t\t\t<div class=\"elementor-background-overlay\"><\/div>\n\t\t\t\t\t\t\t<div class=\"elementor-container elementor-column-gap-no\">\n\t\t\t\t\t<div class=\"elementor-column elementor-col-100 elementor-top-column elementor-element elementor-element-2564810\" data-id=\"2564810\" data-element_type=\"column\">\n\t\t\t<div class=\"elementor-widget-wrap elementor-element-populated\">\n\t\t\t\t\t\t\t\t<div class=\"elementor-element elementor-element-39854ca elementor-invisible elementor-widget elementor-widget-heading\" data-id=\"39854ca\" data-element_type=\"widget\" data-settings=\"{&quot;_animation&quot;:&quot;fadeInDown&quot;}\" data-widget_type=\"heading.default\">\n\t\t\t\t<div class=\"elementor-widget-container\">\n\t\t\t<h6 class=\"elementor-heading-title elementor-size-default\">Sobre nosotros<\/h6>\t\t<\/div>\n\t\t\t\t<\/div>\n\t\t\t\t<div class=\"elementor-element elementor-element-63ab7ef elementor-invisible elementor-widget elementor-widget-heading\" data-id=\"63ab7ef\" data-element_type=\"widget\" data-settings=\"{&quot;_animation&quot;:&quot;fadeInDown&quot;}\" data-widget_type=\"heading.default\">\n\t\t\t\t<div class=\"elementor-widget-container\">\n\t\t\t<h3 class=\"elementor-heading-title elementor-size-default\">Nuestra raz\u00f3n de ser<\/h3>\t\t<\/div>\n\t\t\t\t<\/div>\n\t\t\t\t<div class=\"elementor-element elementor-element-bccac1c elementor-widget__width-initial elementor-widget-mobile__width-inherit elementor-view-stacked elementor-shape-circle elementor-mobile-position-top elementor-vertical-align-top elementor-invisible elementor-widget elementor-widget-icon-box\" data-id=\"bccac1c\" data-element_type=\"widget\" data-settings=\"{&quot;_animation&quot;:&quot;fadeInLeft&quot;}\" data-widget_type=\"icon-box.default\">\n\t\t\t\t<div class=\"elementor-widget-container\">\n\t\t\t<link rel=\"stylesheet\" href=\"https:\/\/clinicageneraldecienaga.com.co\/wp-content\/plugins\/elementor\/assets\/css\/widget-icon-box.min.css\">\t\t<div class=\"elementor-icon-box-wrapper\">\n\t\t\t\t\t\t<div class=\"elementor-icon-box-icon\">\n\t\t\t\t<span class=\"elementor-icon elementor-animation-\" >\n\t\t\t\t<i aria-hidden=\"true\" class=\"fas fa-list\"><\/i>\t\t\t\t<\/span>\n\t\t\t<\/div>\n\t\t\t\t\t\t<div class=\"elementor-icon-box-content\">\n\t\t\t\t<h5 class=\"elementor-icon-box-title\">\n\t\t\t\t\t<span  >\n\t\t\t\t\t\tMisi\u00f3n\t\t\t\t\t<\/span>\n\t\t\t\t<\/h5>\n\t\t\t\t\t\t\t\t\t<p class=\"elementor-icon-box-description\">\n\t\t\t\t\t\tSomos una IPS que trabaja con un modelo de atenci\u00f3n centrado en: Seguridad, humanizaci\u00f3n y calidad, contribuyendo positivamente en el bienestar de la comunidad.\t\t\t\t\t<\/p>\n\t\t\t\t\t\t\t<\/div>\n\t\t<\/div>\n\t\t\t\t<\/div>\n\t\t\t\t<\/div>\n\t\t\t\t<div class=\"elementor-element elementor-element-d895800 elementor-widget__width-initial elementor-widget-mobile__width-inherit elementor-view-stacked elementor-shape-circle elementor-mobile-position-top elementor-vertical-align-top elementor-invisible elementor-widget elementor-widget-icon-box\" data-id=\"d895800\" data-element_type=\"widget\" data-settings=\"{&quot;_animation&quot;:&quot;fadeInRight&quot;}\" data-widget_type=\"icon-box.default\">\n\t\t\t\t<div class=\"elementor-widget-container\">\n\t\t\t\t\t<div class=\"elementor-icon-box-wrapper\">\n\t\t\t\t\t\t<div class=\"elementor-icon-box-icon\">\n\t\t\t\t<span class=\"elementor-icon elementor-animation-\" >\n\t\t\t\t<i aria-hidden=\"true\" class=\"fas fa-eye\"><\/i>\t\t\t\t<\/span>\n\t\t\t<\/div>\n\t\t\t\t\t\t<div class=\"elementor-icon-box-content\">\n\t\t\t\t<h5 class=\"elementor-icon-box-title\">\n\t\t\t\t\t<span  >\n\t\t\t\t\t\tVisi\u00f3n \t\t\t\t\t<\/span>\n\t\t\t\t<\/h5>\n\t\t\t\t\t\t\t\t\t<p class=\"elementor-icon-box-description\">\n\t\t\t\t\t\tEn el 2023 seremos una Instituci\u00f3n certificada y reconocida por la calidad en el servicio, afianzando la satisfacci\u00f3n de nuestros usuarios y sus familias.<br \/>\t\t\t\t\t<\/p>\n\t\t\t\t\t\t\t<\/div>\n\t\t<\/div>\n\t\t\t\t<\/div>\n\t\t\t\t<\/div>\n\t\t\t\t<div class=\"elementor-element elementor-element-e2babb0 elementor-widget__width-initial elementor-widget-mobile__width-inherit elementor-view-stacked elementor-shape-circle elementor-mobile-position-top elementor-vertical-align-top elementor-invisible elementor-widget elementor-widget-icon-box\" data-id=\"e2babb0\" data-element_type=\"widget\" data-settings=\"{&quot;_animation&quot;:&quot;fadeInLeft&quot;}\" data-widget_type=\"icon-box.default\">\n\t\t\t\t<div class=\"elementor-widget-container\">\n\t\t\t\t\t<div class=\"elementor-icon-box-wrapper\">\n\t\t\t\t\t\t<div class=\"elementor-icon-box-icon\">\n\t\t\t\t<span class=\"elementor-icon elementor-animation-\" >\n\t\t\t\t<i aria-hidden=\"true\" class=\"fas fa-book\"><\/i>\t\t\t\t<\/span>\n\t\t\t<\/div>\n\t\t\t\t\t\t<div class=\"elementor-icon-box-content\">\n\t\t\t\t<h5 class=\"elementor-icon-box-title\">\n\t\t\t\t\t<span  >\n\t\t\t\t\t\tPrincipios\t\t\t\t\t<\/span>\n\t\t\t\t<\/h5>\n\t\t\t\t\t\t\t\t\t<p class=\"elementor-icon-box-description\">\n\t\t\t\t\t\t<ul>\n    <li>Solidaridad<\/li>\n    <li>Respeto<\/li>\n    <li>\u00c9tica<\/li>\n    <li>Responsabilidad<\/li>\n    <li>Equidad<\/li>\n    <li>Honestidad<\/li>\n    <li>Conciencia ambiental<\/li>\n<\/ul>\t\t\t\t\t<\/p>\n\t\t\t\t\t\t\t<\/div>\n\t\t<\/div>\n\t\t\t\t<\/div>\n\t\t\t\t<\/div>\n\t\t\t\t<div class=\"elementor-element elementor-element-0521a27 elementor-widget__width-initial elementor-widget-mobile__width-inherit elementor-view-stacked elementor-shape-circle elementor-mobile-position-top elementor-vertical-align-top elementor-invisible elementor-widget elementor-widget-icon-box\" data-id=\"0521a27\" data-element_type=\"widget\" data-settings=\"{&quot;_animation&quot;:&quot;fadeInRight&quot;}\" data-widget_type=\"icon-box.default\">\n\t\t\t\t<div class=\"elementor-widget-container\">\n\t\t\t\t\t<div class=\"elementor-icon-box-wrapper\">\n\t\t\t\t\t\t<div class=\"elementor-icon-box-icon\">\n\t\t\t\t<span class=\"elementor-icon elementor-animation-\" >\n\t\t\t\t<i aria-hidden=\"true\" class=\"fas fa-thumbtack\"><\/i>\t\t\t\t<\/span>\n\t\t\t<\/div>\n\t\t\t\t\t\t<div class=\"elementor-icon-box-content\">\n\t\t\t\t<h5 class=\"elementor-icon-box-title\">\n\t\t\t\t\t<span  >\n\t\t\t\t\t\tValores\t\t\t\t\t<\/span>\n\t\t\t\t<\/h5>\n\t\t\t\t\t\t\t\t\t<p class=\"elementor-icon-box-description\">\n\t\t\t\t\t\t<ul>\n    <li>Humanizaci\u00f3n del servicio<\/li>\n    <li>Compromiso<\/li>\n    <li>Servicio con calidad<\/li>\n    <li>Seguridad<\/li>\n    <li>Responsabilidad social y ambiental<\/li>\n<\/ul>\n<br\/>\t\t\t\t\t<\/p>\n\t\t\t\t\t\t\t<\/div>\n\t\t<\/div>\n\t\t\t\t<\/div>\n\t\t\t\t<\/div>\n\t\t\t\t<div class=\"elementor-element elementor-element-a4cf15e elementor-widget__width-initial elementor-widget-mobile__width-inherit elementor-view-stacked elementor-shape-circle elementor-mobile-position-top elementor-vertical-align-top elementor-invisible elementor-widget elementor-widget-icon-box\" data-id=\"a4cf15e\" data-element_type=\"widget\" data-settings=\"{&quot;_animation&quot;:&quot;fadeInDown&quot;}\" data-widget_type=\"icon-box.default\">\n\t\t\t\t<div class=\"elementor-widget-container\">\n\t\t\t\t\t<div class=\"elementor-icon-box-wrapper\">\n\t\t\t\t\t\t<div class=\"elementor-icon-box-icon\">\n\t\t\t\t<a class=\"elementor-icon elementor-animation-\" href=\"#\">\n\t\t\t\t<i aria-hidden=\"true\" class=\"far fa-list-alt\"><\/i>\t\t\t\t<\/a>\n\t\t\t<\/div>\n\t\t\t\t\t\t<div class=\"elementor-icon-box-content\">\n\t\t\t\t<h5 class=\"elementor-icon-box-title\">\n\t\t\t\t\t<a href=\"#\" >\n\t\t\t\t\t\tPolicitcas institucionales\t\t\t\t\t<\/a>\n\t\t\t\t<\/h5>\n\t\t\t\t\t\t\t\t\t<p class=\"elementor-icon-box-description\">\n\t\t\t\t\t\t<ul>\n    <li>Pol\u00edtica Institucional: es nuestra pol\u00edtica de calidad, en la cual se definen las directrices y principios\n        necesarios para la prestaci\u00f3n de un servicio de excelencia.<\/li>\n    <li>Pol\u00edtica de seguridad integral: por su gran compromiso con la seguridad del paciente y la seguridad\n        institucional, estructura esta pol\u00edtica la cual se fundamenta en tres pilares, control de riesgo en proceso,\n        panorama de riesgo del ambiente f\u00edsico, y seguridad del paciente; en el marco de seguridad del paciente se\n        definen las estrategias implementadas que son pr\u00e1cticas seguras, sistema de apoyo a profesionales y el\n        mejoramiento continuo de los procesos asistenciales.<\/li>\n    <li>Pol\u00edtica de humanizaci\u00f3n del servicio: siendo la humanizaci\u00f3n un de nuestros pilares en la prestaci\u00f3n del\n        servicio, con esta pol\u00edtica nos comprometemos a que el paciente y su familia reciban una atenci\u00f3n con calidez y\n        amabilidad, sin descuidar ninguna de sus dimensiones, a trav\u00e9s de la formaci\u00f3n permanente de nuestros\n        colaboradores.<\/li>\n    <li>Pol\u00edtica de gesti\u00f3n humana: en esta se establece como es la relaci\u00f3n con nuestros colaboradores<\/li>\n    <li>Pol\u00edtica de prestaci\u00f3n de servicios de salud: en esta se promulga el compromiso de brindar servicios de salud\n        integral, indiferente al nivel de complejidad.<\/li>\n    <li>Pol\u00edtica de sistema de informaci\u00f3n: define los principios de seguridad, disponibilidad, conservaci\u00f3n\n        actualizaci\u00f3n y confidencialidad de la informaci\u00f3n<\/li>\n    <li>Pol\u00edtica de comunicaci\u00f3n organizacional: nos define los principios en que se basa nuestra comunicaci\u00f3n interna y\n        externa y define los canales de comunicaci\u00f3n.<\/li>\n    <li>Pol\u00edtica de prevenci\u00f3n al consumo de tabaco, alcohol y drogas: promueve un ambiente de trabajo sano y seguro\n        para nuestros colaboradores teniendo en cuenta las directrices para la prevenci\u00f3n de consumo de tabaco, alcohol\n        y drogas.<\/li>\n    <li>Pol\u00edtica de privacidad y uso de la informaci\u00f3n de datos personales: compromiso con la confidencialidad de los\n        datos personales de los usuarios.<\/li>\n    <li>Pol\u00edtica de convivencia laboral: promueve el cumplimiento de los valores institucionales, condiciones laborales\n        justas y un adecuado clima laboral.<\/li>\n<\/ul>\t\t\t\t\t<\/p>\n\t\t\t\t\t\t\t<\/div>\n\t\t<\/div>\n\t\t\t\t<\/div>\n\t\t\t\t<\/div>\n\t\t\t\t\t<\/div>\n\t\t<\/div>\n\t\t\t\t\t\t\t<\/div>\n\t\t<\/section>\n\t\t\t\t<section class=\"elementor-section elementor-top-section elementor-element elementor-element-cac2c8f elementor-section-boxed elementor-section-height-default elementor-section-height-default elementor-invisible\" data-id=\"cac2c8f\" data-element_type=\"section\" data-settings=\"{&quot;animation&quot;:&quot;fadeIn&quot;}\">\n\t\t\t\t\t\t<div class=\"elementor-container elementor-column-gap-default\">\n\t\t\t\t\t<div class=\"elementor-column elementor-col-100 elementor-top-column elementor-element elementor-element-85def54\" data-id=\"85def54\" data-element_type=\"column\">\n\t\t\t<div class=\"elementor-widget-wrap elementor-element-populated\">\n\t\t\t\t\t\t\t\t<div class=\"elementor-element elementor-element-c624316 elementor-invisible elementor-widget elementor-widget-heading\" data-id=\"c624316\" data-element_type=\"widget\" data-settings=\"{&quot;_animation&quot;:&quot;fadeInDown&quot;}\" data-widget_type=\"heading.default\">\n\t\t\t\t<div class=\"elementor-widget-container\">\n\t\t\t<h3 class=\"elementor-heading-title elementor-size-default\">Organigrama<\/h3>\t\t<\/div>\n\t\t\t\t<\/div>\n\t\t\t\t<div class=\"elementor-element elementor-element-70ce35c elementor-invisible elementor-widget elementor-widget-image\" data-id=\"70ce35c\" data-element_type=\"widget\" data-settings=\"{&quot;_animation&quot;:&quot;fadeIn&quot;}\" data-widget_type=\"image.default\">\n\t\t\t\t<div class=\"elementor-widget-container\">\n\t\t\t<style>\/*! elementor - v3.11.5 - 14-03-2023 *\/\n.elementor-widget-image{text-align:center}.elementor-widget-image a{display:inline-block}.elementor-widget-image a img[src$=\".svg\"]{width:48px}.elementor-widget-image img{vertical-align:middle;display:inline-block}<\/style>\t\t\t\t\t\t\t\t\t\t\t\t<img loading=\"lazy\" decoding=\"async\" width=\"1283\" height=\"901\" src=\"https:\/\/clinicageneraldecienaga.com.co\/wp-content\/uploads\/2023\/02\/Imagen1.png\" class=\"attachment-full size-full wp-image-1215\" alt=\"\" srcset=\"https:\/\/clinicageneraldecienaga.com.co\/wp-content\/uploads\/2023\/02\/Imagen1.png 1283w, https:\/\/clinicageneraldecienaga.com.co\/wp-content\/uploads\/2023\/02\/Imagen1-300x211.png 300w, https:\/\/clinicageneraldecienaga.com.co\/wp-content\/uploads\/2023\/02\/Imagen1-1024x719.png 1024w, https:\/\/clinicageneraldecienaga.com.co\/wp-content\/uploads\/2023\/02\/Imagen1-768x539.png 768w\" sizes=\"auto, (max-width: 1283px) 100vw, 1283px\" \/>\t\t\t\t\t\t\t\t\t\t\t\t\t\t\t<\/div>\n\t\t\t\t<\/div>\n\t\t\t\t\t<\/div>\n\t\t<\/div>\n\t\t\t\t\t\t\t<\/div>\n\t\t<\/section>\n\t\t\t\t\t\t\t<\/div>\n\t\t","protected":false},"excerpt":{"rendered":"<p>Planeaci\u00f3n estrat\u00e9gica Sobre nosotros Nuestra raz\u00f3n de ser Misi\u00f3n Somos una IPS que trabaja con un modelo de atenci\u00f3n centrado en: Seguridad, humanizaci\u00f3n y calidad, contribuyendo positivamente en el bienestar de la comunidad. Visi\u00f3n En el 2023 seremos una Instituci\u00f3n certificada y reconocida por la calidad en el servicio, afianzando la satisfacci\u00f3n de nuestros usuarios &hellip;<\/p>\n<p class=\"read-more\"> <a class=\"\" href=\"https:\/\/clinicageneraldecienaga.com.co\/index.php\/planeacion-estrategica\/\"> <span class=\"screen-reader-text\">Planeaci\u00f3n estrat\u00e9gica<\/span> Read More \u00bb<\/a><\/p>\n","protected":false},"author":1,"featured_media":0,"parent":0,"menu_order":0,"comment_status":"closed","ping_status":"closed","template":"elementor_header_footer","meta":{"site-sidebar-layout":"no-sidebar","site-content-layout":"page-builder","ast-global-header-display":"","ast-main-header-display":"","ast-hfb-above-header-display":"","ast-hfb-below-header-display":"","ast-hfb-mobile-header-display":"","site-post-title":"disabled","ast-breadcrumbs-content":"","ast-featured-img":"disabled","footer-sml-layout":"","theme-transparent-header-meta":"","adv-header-id-meta":"","stick-header-meta":"","header-above-stick-meta":"","header-main-stick-meta":"","header-below-stick-meta":"","footnotes":""},"class_list":["post-1158","page","type-page","status-publish","hentry"],"_links":{"self":[{"href":"https:\/\/clinicageneraldecienaga.com.co\/index.php\/wp-json\/wp\/v2\/pages\/1158","targetHints":{"allow":["GET"]}}],"collection":[{"href":"https:\/\/clinicageneraldecienaga.com.co\/index.php\/wp-json\/wp\/v2\/pages"}],"about":[{"href":"https:\/\/clinicageneraldecienaga.com.co\/index.php\/wp-json\/wp\/v2\/types\/page"}],"author":[{"embeddable":true,"href":"https:\/\/clinicageneraldecienaga.com.co\/index.php\/wp-json\/wp\/v2\/users\/1"}],"replies":[{"embeddable":true,"href":"https:\/\/clinicageneraldecienaga.com.co\/index.php\/wp-json\/wp\/v2\/comments?post=1158"}],"version-history":[{"count":0,"href":"https:\/\/clinicageneraldecienaga.com.co\/index.php\/wp-json\/wp\/v2\/pages\/1158\/revisions"}],"wp:attachment":[{"href":"https:\/\/clinicageneraldecienaga.com.co\/index.php\/wp-json\/wp\/v2\/media?parent=1158"}],"curies":[{"name":"wp","href":"https:\/\/api.w.org\/{rel}","templated":true}]}}