{"id":1145,"date":"2023-02-27T22:41:30","date_gmt":"2023-02-27T22:41:30","guid":{"rendered":"https:\/\/clinicageneraldecienaga.com.co\/?page_id=1145"},"modified":"2023-03-02T16:36:36","modified_gmt":"2023-03-02T16:36:36","slug":"resena-historica","status":"publish","type":"page","link":"https:\/\/clinicageneraldecienaga.com.co\/index.php\/resena-historica\/","title":{"rendered":"Rese\u00f1a hist\u00f3rica"},"content":{"rendered":"\t\t<div data-elementor-type=\"wp-page\" data-elementor-id=\"1145\" class=\"elementor elementor-1145\">\n\t\t\t\t\t\t\t\t\t<section class=\"elementor-section elementor-top-section elementor-element elementor-element-43d9c6d elementor-section-boxed elementor-section-height-default elementor-section-height-default\" data-id=\"43d9c6d\" data-element_type=\"section\" data-settings=\"{&quot;background_background&quot;:&quot;classic&quot;}\">\n\t\t\t\t\t\t<div class=\"elementor-container elementor-column-gap-no\">\n\t\t\t\t\t<div class=\"elementor-column elementor-col-100 elementor-top-column elementor-element elementor-element-e2d0f4e\" data-id=\"e2d0f4e\" data-element_type=\"column\">\n\t\t\t<div class=\"elementor-widget-wrap elementor-element-populated\">\n\t\t\t\t\t\t\t\t<div class=\"elementor-element elementor-element-1a63857 elementor-widget elementor-widget-heading\" data-id=\"1a63857\" data-element_type=\"widget\" data-widget_type=\"heading.default\">\n\t\t\t\t<div class=\"elementor-widget-container\">\n\t\t\t<style>\/*! elementor - v3.11.5 - 14-03-2023 *\/\n.elementor-heading-title{padding:0;margin:0;line-height:1}.elementor-widget-heading .elementor-heading-title[class*=elementor-size-]>a{color:inherit;font-size:inherit;line-height:inherit}.elementor-widget-heading .elementor-heading-title.elementor-size-small{font-size:15px}.elementor-widget-heading .elementor-heading-title.elementor-size-medium{font-size:19px}.elementor-widget-heading .elementor-heading-title.elementor-size-large{font-size:29px}.elementor-widget-heading .elementor-heading-title.elementor-size-xl{font-size:39px}.elementor-widget-heading .elementor-heading-title.elementor-size-xxl{font-size:59px}<\/style><h2 class=\"elementor-heading-title elementor-size-default\">Rese\u00f1a hist\u00f3rica<\/h2>\t\t<\/div>\n\t\t\t\t<\/div>\n\t\t\t\t\t<\/div>\n\t\t<\/div>\n\t\t\t\t\t\t\t<\/div>\n\t\t<\/section>\n\t\t\t\t<section class=\"elementor-section elementor-top-section elementor-element elementor-element-b42edb7 elementor-section-boxed elementor-section-height-default elementor-section-height-default\" data-id=\"b42edb7\" data-element_type=\"section\" data-settings=\"{&quot;background_background&quot;:&quot;classic&quot;}\">\n\t\t\t\t\t\t<div class=\"elementor-container elementor-column-gap-no\">\n\t\t\t\t\t<div class=\"elementor-column elementor-col-100 elementor-top-column elementor-element elementor-element-addd8cf\" data-id=\"addd8cf\" data-element_type=\"column\">\n\t\t\t<div class=\"elementor-widget-wrap elementor-element-populated\">\n\t\t\t\t\t\t\t\t<div class=\"elementor-element elementor-element-fb5ad5c elementor-widget__width-initial elementor-widget-mobile__width-inherit elementor-view-stacked elementor-shape-circle elementor-mobile-position-top elementor-vertical-align-top elementor-invisible elementor-widget elementor-widget-icon-box\" data-id=\"fb5ad5c\" data-element_type=\"widget\" data-settings=\"{&quot;_animation&quot;:&quot;fadeInDown&quot;}\" data-widget_type=\"icon-box.default\">\n\t\t\t\t<div class=\"elementor-widget-container\">\n\t\t\t<link rel=\"stylesheet\" href=\"https:\/\/clinicageneraldecienaga.com.co\/wp-content\/plugins\/elementor\/assets\/css\/widget-icon-box.min.css\">\t\t<div class=\"elementor-icon-box-wrapper\">\n\t\t\t\t\t\t<div class=\"elementor-icon-box-icon\">\n\t\t\t\t<a class=\"elementor-icon elementor-animation-\" href=\"#\">\n\t\t\t\t<i aria-hidden=\"true\" class=\"fas fa-history\"><\/i>\t\t\t\t<\/a>\n\t\t\t<\/div>\n\t\t\t\t\t\t<div class=\"elementor-icon-box-content\">\n\t\t\t\t<h5 class=\"elementor-icon-box-title\">\n\t\t\t\t\t<a href=\"#\" >\n\t\t\t\t\t\t\t\t\t\t\t<\/a>\n\t\t\t\t<\/h5>\n\t\t\t\t\t\t\t\t\t<p class=\"elementor-icon-box-description\">\n\t\t\t\t\t\tPara principios del a\u00f1o 1991, m\u00e1s exactamente el 30-03-1991, el visionario Don DAVID HERRERA URUE\u00d1A, quien en ese entonces era el Representante Legal de la Cl\u00ednica General del Norte de Barranquilla, incursiona en el Departamento del Magdalena ampliando su cobertura de servicios en la atenci\u00f3n a usuarios afiliados a los Reg\u00edmenes Especiales del Estado, iniciando la prestaci\u00f3n de servicios a los afiliados al Fondo Educativo Regional (F.E.R.), \nEn Ci\u00e9naga iniciamos la prestaci\u00f3n de servicios con aproximadamente 1.000 maestros afiliados al FER los cuales se atend\u00edan en un consultorio de 2x2 mts que contaba con \u00e1rea administrativa donde laboraba la  Secretaria y el Coordinador Medico y una peque\u00f1a Sala de Espera .\nPasado un corto tiempo le otorgaron a la Cl\u00ednica General del Norte el contrato de los Pensionados al Fondo Pasivo de los Ferrocarriles Nacionales, Puertos y Cajanal por lo que se construyo el Centro Medico de la Cl\u00ednica General del Norte en  Cienaga dotado con un \u00e1rea para Secretaria con Sala de Espera, una oficina para Coordinaci\u00f3n Medica, tres  consultorios para Medicina General, un consultorio para Odontolog\u00eda, un \u00e1rea para Laboratorio Cl\u00ednico y un \u00e1rea para Farmacia.\nEn Concomitancia con lo anterior nuestro l\u00edder vio la necesidad de construir en el Municipio de Cienaga una Cl\u00ednica que  brindara mayores servicios y evitar\u00e1 el desplazamiento de los usuarios fuera de la instituci\u00f3n y la llamo Cl\u00ednica General de Cienaga. <br \/>\nEl 18 de septiembre de 1995 se inauguro la Cl\u00ednica que en ese entonces contaba con servicio de urgencia, sala de observaci\u00f3n, tres habitaciones de hospitalizaci\u00f3n ( hombres, mujeres y ni\u00f1os), \u00e1rea administrativa, laboratorio cl\u00ednico, ctc, con esta infraestructura laboramos hasta noviembre del 2001, sin embargo, el deseo de Don David Herrera era construir una cl\u00ednica de 20 camas en hospitalizaci\u00f3n, sue\u00f1o que el no pudo ver realizado por cosas del destino, pero que si quedo en la mente de su se\u00f1ora Do\u00f1a Ligia Cure quien en el mes de marzo de 2003 le entrego a la localidad de Cienaga una CLINICA con 20 camas de Hospitalizaci\u00f3n, 8 camas de Observaci\u00f3n, Sala de Cirug\u00eda, Sala de Parto, Sala de Imagenolog\u00eda (Rx y Ecograf\u00edas), Auditorio, Lavander\u00eda, Cocina, Cafeter\u00eda, Central de Gases, Laboratorio Cl\u00ednico, Archivo de Historias Cl\u00ednicas Ampliaci\u00f3n y Adecuaci\u00f3n del \u00c1rea de Consulta Externa, \u00c1rea Administrativa todas las \u00e1rea con amplia comodidad que fue resaltada en comentario por los verificadores de la Secretaria de Salud Departamental como la Cl\u00ednica que tiene la MEJOR infraestructura en la localidad. \nEn el a\u00f1o 2019 fue construido el \u00e1rea para realizaci\u00f3n de TAC y mamograf\u00eda. Desde el a\u00f1o 2020 y debido a la pandemia se dividi\u00f3 la urgencias ampliando a 8 camas mas del lado de Consulta Externa y el servicio ambulatorio fue trasladado a la Cra 13 # 7- 42 en ci\u00e9naga \n\n\t\t\t\t\t<\/p>\n\t\t\t\t\t\t\t<\/div>\n\t\t<\/div>\n\t\t\t\t<\/div>\n\t\t\t\t<\/div>\n\t\t\t\t<div class=\"elementor-element elementor-element-d069cb0 elementor-widget-divider--view-line elementor-widget elementor-widget-divider\" data-id=\"d069cb0\" data-element_type=\"widget\" data-widget_type=\"divider.default\">\n\t\t\t\t<div class=\"elementor-widget-container\">\n\t\t\t<style>\/*! elementor - v3.11.5 - 14-03-2023 *\/\n.elementor-widget-divider{--divider-border-style:none;--divider-border-width:1px;--divider-color:#2c2c2c;--divider-icon-size:20px;--divider-element-spacing:10px;--divider-pattern-height:24px;--divider-pattern-size:20px;--divider-pattern-url:none;--divider-pattern-repeat:repeat-x}.elementor-widget-divider .elementor-divider{display:flex}.elementor-widget-divider .elementor-divider__text{font-size:15px;line-height:1;max-width:95%}.elementor-widget-divider .elementor-divider__element{margin:0 var(--divider-element-spacing);flex-shrink:0}.elementor-widget-divider .elementor-icon{font-size:var(--divider-icon-size)}.elementor-widget-divider .elementor-divider-separator{display:flex;margin:0;direction:ltr}.elementor-widget-divider--view-line_icon .elementor-divider-separator,.elementor-widget-divider--view-line_text .elementor-divider-separator{align-items:center}.elementor-widget-divider--view-line_icon .elementor-divider-separator:after,.elementor-widget-divider--view-line_icon .elementor-divider-separator:before,.elementor-widget-divider--view-line_text .elementor-divider-separator:after,.elementor-widget-divider--view-line_text .elementor-divider-separator:before{display:block;content:\"\";border-bottom:0;flex-grow:1;border-top:var(--divider-border-width) var(--divider-border-style) var(--divider-color)}.elementor-widget-divider--element-align-left .elementor-divider .elementor-divider-separator>.elementor-divider__svg:first-of-type{flex-grow:0;flex-shrink:100}.elementor-widget-divider--element-align-left .elementor-divider-separator:before{content:none}.elementor-widget-divider--element-align-left .elementor-divider__element{margin-left:0}.elementor-widget-divider--element-align-right .elementor-divider .elementor-divider-separator>.elementor-divider__svg:last-of-type{flex-grow:0;flex-shrink:100}.elementor-widget-divider--element-align-right .elementor-divider-separator:after{content:none}.elementor-widget-divider--element-align-right .elementor-divider__element{margin-right:0}.elementor-widget-divider:not(.elementor-widget-divider--view-line_text):not(.elementor-widget-divider--view-line_icon) .elementor-divider-separator{border-top:var(--divider-border-width) var(--divider-border-style) var(--divider-color)}.elementor-widget-divider--separator-type-pattern{--divider-border-style:none}.elementor-widget-divider--separator-type-pattern.elementor-widget-divider--view-line .elementor-divider-separator,.elementor-widget-divider--separator-type-pattern:not(.elementor-widget-divider--view-line) .elementor-divider-separator:after,.elementor-widget-divider--separator-type-pattern:not(.elementor-widget-divider--view-line) .elementor-divider-separator:before,.elementor-widget-divider--separator-type-pattern:not([class*=elementor-widget-divider--view]) .elementor-divider-separator{width:100%;min-height:var(--divider-pattern-height);-webkit-mask-size:var(--divider-pattern-size) 100%;mask-size:var(--divider-pattern-size) 100%;-webkit-mask-repeat:var(--divider-pattern-repeat);mask-repeat:var(--divider-pattern-repeat);background-color:var(--divider-color);-webkit-mask-image:var(--divider-pattern-url);mask-image:var(--divider-pattern-url)}.elementor-widget-divider--no-spacing{--divider-pattern-size:auto}.elementor-widget-divider--bg-round{--divider-pattern-repeat:round}.rtl .elementor-widget-divider .elementor-divider__text{direction:rtl}.e-con-inner>.elementor-widget-divider,.e-con>.elementor-widget-divider{width:var(--container-widget-width,100%);--flex-grow:var(--container-widget-flex-grow)}<\/style>\t\t<div class=\"elementor-divider\">\n\t\t\t<span class=\"elementor-divider-separator\">\n\t\t\t\t\t\t<\/span>\n\t\t<\/div>\n\t\t\t\t<\/div>\n\t\t\t\t<\/div>\n\t\t\t\t\t<\/div>\n\t\t<\/div>\n\t\t\t\t\t\t\t<\/div>\n\t\t<\/section>\n\t\t\t\t\t\t\t<\/div>\n\t\t","protected":false},"excerpt":{"rendered":"<p>Rese\u00f1a hist\u00f3rica Para principios del a\u00f1o 1991, m\u00e1s exactamente el 30-03-1991, el visionario Don DAVID HERRERA URUE\u00d1A, quien en ese entonces era el Representante Legal de la Cl\u00ednica General del Norte de Barranquilla, incursiona en el Departamento del Magdalena ampliando su cobertura de servicios en la atenci\u00f3n a usuarios afiliados a los Reg\u00edmenes Especiales del &hellip;<\/p>\n<p class=\"read-more\"> <a class=\"\" href=\"https:\/\/clinicageneraldecienaga.com.co\/index.php\/resena-historica\/\"> <span class=\"screen-reader-text\">Rese\u00f1a hist\u00f3rica<\/span> Read More \u00bb<\/a><\/p>\n","protected":false},"author":1,"featured_media":0,"parent":0,"menu_order":0,"comment_status":"closed","ping_status":"closed","template":"","meta":{"site-sidebar-layout":"no-sidebar","site-content-layout":"page-builder","ast-global-header-display":"","ast-main-header-display":"","ast-hfb-above-header-display":"","ast-hfb-below-header-display":"","ast-hfb-mobile-header-display":"","site-post-title":"disabled","ast-breadcrumbs-content":"","ast-featured-img":"disabled","footer-sml-layout":"","theme-transparent-header-meta":"","adv-header-id-meta":"","stick-header-meta":"","header-above-stick-meta":"","header-main-stick-meta":"","header-below-stick-meta":"","footnotes":""},"class_list":["post-1145","page","type-page","status-publish","hentry"],"_links":{"self":[{"href":"https:\/\/clinicageneraldecienaga.com.co\/index.php\/wp-json\/wp\/v2\/pages\/1145","targetHints":{"allow":["GET"]}}],"collection":[{"href":"https:\/\/clinicageneraldecienaga.com.co\/index.php\/wp-json\/wp\/v2\/pages"}],"about":[{"href":"https:\/\/clinicageneraldecienaga.com.co\/index.php\/wp-json\/wp\/v2\/types\/page"}],"author":[{"embeddable":true,"href":"https:\/\/clinicageneraldecienaga.com.co\/index.php\/wp-json\/wp\/v2\/users\/1"}],"replies":[{"embeddable":true,"href":"https:\/\/clinicageneraldecienaga.com.co\/index.php\/wp-json\/wp\/v2\/comments?post=1145"}],"version-history":[{"count":0,"href":"https:\/\/clinicageneraldecienaga.com.co\/index.php\/wp-json\/wp\/v2\/pages\/1145\/revisions"}],"wp:attachment":[{"href":"https:\/\/clinicageneraldecienaga.com.co\/index.php\/wp-json\/wp\/v2\/media?parent=1145"}],"curies":[{"name":"wp","href":"https:\/\/api.w.org\/{rel}","templated":true}]}}